{"id":6273,"date":"2022-10-21T12:51:34","date_gmt":"2022-10-21T12:51:34","guid":{"rendered":"https:\/\/www.recordcucine.com\/la-societe\/"},"modified":"2022-10-31T14:30:16","modified_gmt":"2022-10-31T14:30:16","slug":"la-societe","status":"publish","type":"page","link":"https:\/\/www.recordcucine.com\/fr\/la-societe\/","title":{"rendered":"La soci\u00e9t\u00e9"},"content":{"rendered":"\t\t<div data-elementor-type=\"wp-page\" data-elementor-id=\"6273\" class=\"elementor elementor-6273 elementor-4959\" data-elementor-post-type=\"page\">\n\t\t\t\t\t\t<section class=\"elementor-section elementor-top-section elementor-element elementor-element-57ca23f elementor-section-full_width elementor-section-height-min-height elementor-section-height-default elementor-section-items-middle\" data-id=\"57ca23f\" data-element_type=\"section\" data-settings=\"{&quot;background_background&quot;:&quot;classic&quot;,&quot;jet_parallax_layout_list&quot;:[]}\">\n\t\t\t\t\t\t\t<div class=\"elementor-background-overlay\"><\/div>\n\t\t\t\t\t\t\t<div class=\"elementor-container elementor-column-gap-no\">\n\t\t\t\t\t<div class=\"elementor-column elementor-col-100 elementor-top-column elementor-element elementor-element-e3f7d24\" data-id=\"e3f7d24\" data-element_type=\"column\">\n\t\t\t<div class=\"elementor-widget-wrap\">\n\t\t\t\t\t\t\t<\/div>\n\t\t<\/div>\n\t\t\t\t\t<\/div>\n\t\t<\/section>\n\t\t\t\t<section class=\"elementor-section elementor-top-section elementor-element elementor-element-ad8c324 elementor-section-boxed elementor-section-height-default elementor-section-height-default\" data-id=\"ad8c324\" data-element_type=\"section\" data-settings=\"{&quot;jet_parallax_layout_list&quot;:[]}\">\n\t\t\t\t\t\t<div class=\"elementor-container elementor-column-gap-default\">\n\t\t\t\t\t<div class=\"elementor-column elementor-col-100 elementor-top-column elementor-element elementor-element-8134359\" data-id=\"8134359\" data-element_type=\"column\">\n\t\t\t<div class=\"elementor-widget-wrap elementor-element-populated\">\n\t\t\t\t\t\t<div class=\"elementor-element elementor-element-f8e0a14 elementor-widget elementor-widget-heading\" data-id=\"f8e0a14\" data-element_type=\"widget\" data-widget_type=\"heading.default\">\n\t\t\t\t<div class=\"elementor-widget-container\">\n\t\t\t<style>\/*! elementor - v3.21.0 - 30-04-2024 *\/\n.elementor-heading-title{padding:0;margin:0;line-height:1}.elementor-widget-heading .elementor-heading-title[class*=elementor-size-]>a{color:inherit;font-size:inherit;line-height:inherit}.elementor-widget-heading .elementor-heading-title.elementor-size-small{font-size:15px}.elementor-widget-heading .elementor-heading-title.elementor-size-medium{font-size:19px}.elementor-widget-heading .elementor-heading-title.elementor-size-large{font-size:29px}.elementor-widget-heading .elementor-heading-title.elementor-size-xl{font-size:39px}.elementor-widget-heading .elementor-heading-title.elementor-size-xxl{font-size:59px}<\/style><h1 class=\"elementor-heading-title elementor-size-default\">La soci\u00e9t\u00e9<\/h1>\t\t<\/div>\n\t\t\t\t<\/div>\n\t\t\t\t\t<\/div>\n\t\t<\/div>\n\t\t\t\t\t<\/div>\n\t\t<\/section>\n\t\t\t\t<section class=\"elementor-section elementor-top-section elementor-element elementor-element-923b19d elementor-section-full_width elementor-section-height-default elementor-section-height-default\" data-id=\"923b19d\" data-element_type=\"section\" data-settings=\"{&quot;jet_parallax_layout_list&quot;:[]}\">\n\t\t\t\t\t\t<div class=\"elementor-container elementor-column-gap-default\">\n\t\t\t\t\t<div class=\"elementor-column elementor-col-50 elementor-top-column elementor-element elementor-element-a73b506\" data-id=\"a73b506\" data-element_type=\"column\">\n\t\t\t<div class=\"elementor-widget-wrap elementor-element-populated\">\n\t\t\t\t\t\t<div class=\"elementor-element elementor-element-58543f3 elementor-widget elementor-widget-image\" data-id=\"58543f3\" data-element_type=\"widget\" data-widget_type=\"image.default\">\n\t\t\t\t<div class=\"elementor-widget-container\">\n\t\t\t<style>\/*! elementor - v3.21.0 - 30-04-2024 *\/\n.elementor-widget-image{text-align:center}.elementor-widget-image a{display:inline-block}.elementor-widget-image a img[src$=\".svg\"]{width:48px}.elementor-widget-image img{vertical-align:middle;display:inline-block}<\/style>\t\t\t\t\t\t\t\t\t\t<img fetchpriority=\"high\" decoding=\"async\" width=\"1200\" height=\"1063\" src=\"https:\/\/www.recordcucine.com\/wp-content\/uploads\/2022\/09\/record-cucine-azienda-1.jpg\" class=\"attachment-full size-full wp-image-4996\" alt=\"\" srcset=\"https:\/\/www.recordcucine.com\/wp-content\/uploads\/2022\/09\/record-cucine-azienda-1.jpg 1200w, https:\/\/www.recordcucine.com\/wp-content\/uploads\/2022\/09\/record-cucine-azienda-1-300x266.jpg 300w, https:\/\/www.recordcucine.com\/wp-content\/uploads\/2022\/09\/record-cucine-azienda-1-1024x907.jpg 1024w, https:\/\/www.recordcucine.com\/wp-content\/uploads\/2022\/09\/record-cucine-azienda-1-768x680.jpg 768w\" sizes=\"(max-width: 1200px) 100vw, 1200px\" \/>\t\t\t\t\t\t\t\t\t\t\t\t\t<\/div>\n\t\t\t\t<\/div>\n\t\t\t\t\t<\/div>\n\t\t<\/div>\n\t\t\t\t<div class=\"elementor-column elementor-col-50 elementor-top-column elementor-element elementor-element-3cde512\" data-id=\"3cde512\" data-element_type=\"column\">\n\t\t\t<div class=\"elementor-widget-wrap elementor-element-populated\">\n\t\t\t\t\t\t<section data-pa-eq-height=\"{&quot;targetType&quot;:&quot;widget&quot;,&quot;target&quot;:[&quot;.elementor-widget-icon .elementor-widget-container&quot;,&quot;.elementor-widget-heading .elementor-widget-container&quot;],&quot;trigger&quot;:&quot;load&quot;,&quot;enableOn&quot;:[&quot;desktop&quot;,&quot;tablet&quot;,&quot;mobile&quot;]}\" class=\"elementor-section elementor-inner-section elementor-element elementor-element-1d5c1bd elementor-section-content-middle premium-equal-height-yes elementor-section-boxed elementor-section-height-default elementor-section-height-default\" data-id=\"1d5c1bd\" data-element_type=\"section\" data-settings=\"{&quot;premium_eq_height_switcher&quot;:&quot;yes&quot;,&quot;premium_eq_height_target&quot;:[&quot;.elementor-widget-icon .elementor-widget-container&quot;,&quot;.elementor-widget-heading .elementor-widget-container&quot;],&quot;jet_parallax_layout_list&quot;:[]}\">\n\t\t\t\t\t\t<div class=\"elementor-container elementor-column-gap-default\">\n\t\t\t\t\t<div class=\"elementor-column elementor-col-50 elementor-inner-column elementor-element elementor-element-15653c0\" data-id=\"15653c0\" data-element_type=\"column\">\n\t\t\t<div class=\"elementor-widget-wrap elementor-element-populated\">\n\t\t\t\t\t\t<div class=\"elementor-element elementor-element-9692988 elementor-hidden-mobile elementor-view-default elementor-widget elementor-widget-icon\" data-id=\"9692988\" data-element_type=\"widget\" data-widget_type=\"icon.default\">\n\t\t\t\t<div class=\"elementor-widget-container\">\n\t\t\t\t\t<div class=\"elementor-icon-wrapper\">\n\t\t\t<div class=\"elementor-icon\">\n\t\t\t<svg xmlns=\"http:\/\/www.w3.org\/2000\/svg\" viewBox=\"0 0 68.19 163.52\"><defs><style>.a{fill:none;stroke:#1d1d1b;stroke-width:0.6px;}<\/style><\/defs><line class=\"a\" x1=\"67.91\" y1=\"0.11\" x2=\"0.28\" y2=\"163.4\"><\/line><\/svg>\t\t\t<\/div>\n\t\t<\/div>\n\t\t\t\t<\/div>\n\t\t\t\t<\/div>\n\t\t\t\t\t<\/div>\n\t\t<\/div>\n\t\t\t\t<div class=\"elementor-column elementor-col-50 elementor-inner-column elementor-element elementor-element-78dffcd\" data-id=\"78dffcd\" data-element_type=\"column\">\n\t\t\t<div class=\"elementor-widget-wrap elementor-element-populated\">\n\t\t\t\t\t\t<div class=\"elementor-element elementor-element-3b43d68 elementor-widget elementor-widget-heading\" data-id=\"3b43d68\" data-element_type=\"widget\" data-widget_type=\"heading.default\">\n\t\t\t\t<div class=\"elementor-widget-container\">\n\t\t\t<h2 class=\"elementor-heading-title elementor-size-default\">Notre histoire<\/h2>\t\t<\/div>\n\t\t\t\t<\/div>\n\t\t\t\t\t<\/div>\n\t\t<\/div>\n\t\t\t\t\t<\/div>\n\t\t<\/section>\n\t\t\t\t<div class=\"elementor-element elementor-element-2259b6a elementor-widget elementor-widget-text-editor\" data-id=\"2259b6a\" data-element_type=\"widget\" data-widget_type=\"text-editor.default\">\n\t\t\t\t<div class=\"elementor-widget-container\">\n\t\t\t<style>\/*! elementor - v3.21.0 - 30-04-2024 *\/\n.elementor-widget-text-editor.elementor-drop-cap-view-stacked .elementor-drop-cap{background-color:#69727d;color:#fff}.elementor-widget-text-editor.elementor-drop-cap-view-framed .elementor-drop-cap{color:#69727d;border:3px solid;background-color:transparent}.elementor-widget-text-editor:not(.elementor-drop-cap-view-default) .elementor-drop-cap{margin-top:8px}.elementor-widget-text-editor:not(.elementor-drop-cap-view-default) .elementor-drop-cap-letter{width:1em;height:1em}.elementor-widget-text-editor .elementor-drop-cap{float:left;text-align:center;line-height:1;font-size:50px}.elementor-widget-text-editor .elementor-drop-cap-letter{display:inline-block}<\/style>\t\t\t\t<p>40 ans d\u2019histoire marqu\u00e9s par le d\u00e9sir de pr\u00e9server et de promouvoir la meilleure qualit\u00e9 du Made in Italy. Le temps, l\u2019exp\u00e9rience et l\u2019enthousiasme nous ont permis de progresser, d\u2019innover et de nous tourner vers l\u2019avenir, vers l\u2019\u00e9volution des march\u00e9s et les besoins des clients.<\/p>\n\t\t\t\t\t\t<\/div>\n\t\t\t\t<\/div>\n\t\t\t\t\t<\/div>\n\t\t<\/div>\n\t\t\t\t\t<\/div>\n\t\t<\/section>\n\t\t\t\t<section class=\"elementor-section elementor-top-section elementor-element elementor-element-1650ad4 sfondogrigio elementor-section-boxed elementor-section-height-default elementor-section-height-default\" data-id=\"1650ad4\" data-element_type=\"section\" data-settings=\"{&quot;jet_parallax_layout_list&quot;:[]}\">\n\t\t\t\t\t\t<div class=\"elementor-container elementor-column-gap-default\">\n\t\t\t\t\t<div class=\"elementor-column elementor-col-100 elementor-top-column elementor-element elementor-element-cb19d5a\" data-id=\"cb19d5a\" data-element_type=\"column\">\n\t\t\t<div class=\"elementor-widget-wrap elementor-element-populated\">\n\t\t\t\t\t\t<div class=\"elementor-element elementor-element-ea8f765 elementor-widget elementor-widget-image\" data-id=\"ea8f765\" data-element_type=\"widget\" data-widget_type=\"image.default\">\n\t\t\t\t<div class=\"elementor-widget-container\">\n\t\t\t\t\t\t\t\t\t\t\t\t\t<img decoding=\"async\" width=\"800\" height=\"485\" src=\"https:\/\/www.recordcucine.com\/wp-content\/uploads\/2022\/09\/record-cucine-azienda-2-1024x621.jpg\" class=\"attachment-large size-large wp-image-5004\" alt=\"\" srcset=\"https:\/\/www.recordcucine.com\/wp-content\/uploads\/2022\/09\/record-cucine-azienda-2-1024x621.jpg 1024w, https:\/\/www.recordcucine.com\/wp-content\/uploads\/2022\/09\/record-cucine-azienda-2-300x182.jpg 300w, https:\/\/www.recordcucine.com\/wp-content\/uploads\/2022\/09\/record-cucine-azienda-2-768x466.jpg 768w, https:\/\/www.recordcucine.com\/wp-content\/uploads\/2022\/09\/record-cucine-azienda-2.jpg 1400w\" sizes=\"(max-width: 800px) 100vw, 800px\" \/>\t\t\t\t\t\t\t\t\t\t\t\t\t<\/div>\n\t\t\t\t<\/div>\n\t\t\t\t\t<\/div>\n\t\t<\/div>\n\t\t\t\t\t<\/div>\n\t\t<\/section>\n\t\t\t\t<section class=\"elementor-section elementor-top-section elementor-element elementor-element-19bac76 elementor-section-boxed elementor-section-height-default elementor-section-height-default\" data-id=\"19bac76\" data-element_type=\"section\" data-settings=\"{&quot;jet_parallax_layout_list&quot;:[]}\">\n\t\t\t\t\t\t<div class=\"elementor-container elementor-column-gap-default\">\n\t\t\t\t\t<div class=\"elementor-column elementor-col-50 elementor-top-column elementor-element elementor-element-b2d42bc\" data-id=\"b2d42bc\" data-element_type=\"column\">\n\t\t\t<div class=\"elementor-widget-wrap elementor-element-populated\">\n\t\t\t\t\t\t<section data-pa-eq-height=\"{&quot;targetType&quot;:&quot;widget&quot;,&quot;target&quot;:[&quot;.elementor-widget-icon .elementor-widget-container&quot;,&quot;.elementor-widget-heading .elementor-widget-container&quot;],&quot;trigger&quot;:&quot;load&quot;,&quot;enableOn&quot;:[&quot;desktop&quot;,&quot;tablet&quot;,&quot;mobile&quot;]}\" class=\"elementor-section elementor-inner-section elementor-element elementor-element-76764c4 elementor-section-content-middle premium-equal-height-yes elementor-section-boxed elementor-section-height-default elementor-section-height-default\" data-id=\"76764c4\" data-element_type=\"section\" data-settings=\"{&quot;premium_eq_height_switcher&quot;:&quot;yes&quot;,&quot;premium_eq_height_target&quot;:[&quot;.elementor-widget-icon .elementor-widget-container&quot;,&quot;.elementor-widget-heading .elementor-widget-container&quot;],&quot;jet_parallax_layout_list&quot;:[]}\">\n\t\t\t\t\t\t<div class=\"elementor-container elementor-column-gap-default\">\n\t\t\t\t\t<div class=\"elementor-column elementor-col-50 elementor-inner-column elementor-element elementor-element-8ca5087\" data-id=\"8ca5087\" data-element_type=\"column\">\n\t\t\t<div class=\"elementor-widget-wrap elementor-element-populated\">\n\t\t\t\t\t\t<div class=\"elementor-element elementor-element-fac14ec elementor-hidden-mobile elementor-view-default elementor-widget elementor-widget-icon\" data-id=\"fac14ec\" data-element_type=\"widget\" data-widget_type=\"icon.default\">\n\t\t\t\t<div class=\"elementor-widget-container\">\n\t\t\t\t\t<div class=\"elementor-icon-wrapper\">\n\t\t\t<div class=\"elementor-icon\">\n\t\t\t<svg xmlns=\"http:\/\/www.w3.org\/2000\/svg\" viewBox=\"0 0 68.19 163.52\"><defs><style>.a{fill:none;stroke:#1d1d1b;stroke-width:0.6px;}<\/style><\/defs><line class=\"a\" x1=\"67.91\" y1=\"0.11\" x2=\"0.28\" y2=\"163.4\"><\/line><\/svg>\t\t\t<\/div>\n\t\t<\/div>\n\t\t\t\t<\/div>\n\t\t\t\t<\/div>\n\t\t\t\t\t<\/div>\n\t\t<\/div>\n\t\t\t\t<div class=\"elementor-column elementor-col-50 elementor-inner-column elementor-element elementor-element-aef83dd\" data-id=\"aef83dd\" data-element_type=\"column\">\n\t\t\t<div class=\"elementor-widget-wrap\">\n\t\t\t\t\t\t\t<\/div>\n\t\t<\/div>\n\t\t\t\t\t<\/div>\n\t\t<\/section>\n\t\t\t\t<div class=\"elementor-element elementor-element-acf5f50 elementor-widget elementor-widget-heading\" data-id=\"acf5f50\" data-element_type=\"widget\" data-widget_type=\"heading.default\">\n\t\t\t\t<div class=\"elementor-widget-container\">\n\t\t\t<h2 class=\"elementor-heading-title elementor-size-default\">Un important<br>travail d\u2019\u00e9quipe\u2026<\/h2>\t\t<\/div>\n\t\t\t\t<\/div>\n\t\t\t\t<div class=\"elementor-element elementor-element-34dd9f3 elementor-widget elementor-widget-text-editor\" data-id=\"34dd9f3\" data-element_type=\"widget\" data-widget_type=\"text-editor.default\">\n\t\t\t\t<div class=\"elementor-widget-container\">\n\t\t\t\t\t\t\t<p>Machines \u00e0 commande num\u00e9rique et personnel qualifi\u00e9 pour le plus haut niveau de qualit\u00e9. La soci\u00e9t\u00e9 produit des cuisines modernes et classiques sous le signe du v\u00e9ritable Made in Italy.<br \/>\nLes r\u00e9sultats sont d\u2019une excellence quotidienne et tangible : dans la s\u00e9lection des collaborateurs et des partenaires, la conception, la fabrication et la distribution. Un grand souci du d\u00e9tail y compris dans la fourniture des services avant et apr\u00e8s-vente permet d\u2019atteindre les plus hauts niveaux de qualit\u00e9. La passion et la motivation caract\u00e9risent notre quotidien !<\/p>\n\t\t\t\t\t\t<\/div>\n\t\t\t\t<\/div>\n\t\t\t\t\t<\/div>\n\t\t<\/div>\n\t\t\t\t<div class=\"elementor-column elementor-col-50 elementor-top-column elementor-element elementor-element-60e90fb\" data-id=\"60e90fb\" data-element_type=\"column\">\n\t\t\t<div class=\"elementor-widget-wrap elementor-element-populated\">\n\t\t\t\t\t\t<div class=\"elementor-element elementor-element-a283eea elementor-widget elementor-widget-image\" data-id=\"a283eea\" data-element_type=\"widget\" data-widget_type=\"image.default\">\n\t\t\t\t<div class=\"elementor-widget-container\">\n\t\t\t\t\t\t\t\t\t\t\t\t\t<img decoding=\"async\" width=\"800\" height=\"654\" src=\"https:\/\/www.recordcucine.com\/wp-content\/uploads\/2022\/09\/record-cucine-azienda-3-1024x837.jpg\" class=\"attachment-large size-large wp-image-5021\" alt=\"\" srcset=\"https:\/\/www.recordcucine.com\/wp-content\/uploads\/2022\/09\/record-cucine-azienda-3-1024x837.jpg 1024w, https:\/\/www.recordcucine.com\/wp-content\/uploads\/2022\/09\/record-cucine-azienda-3-300x245.jpg 300w, https:\/\/www.recordcucine.com\/wp-content\/uploads\/2022\/09\/record-cucine-azienda-3-768x628.jpg 768w, https:\/\/www.recordcucine.com\/wp-content\/uploads\/2022\/09\/record-cucine-azienda-3.jpg 1200w\" sizes=\"(max-width: 800px) 100vw, 800px\" \/>\t\t\t\t\t\t\t\t\t\t\t\t\t<\/div>\n\t\t\t\t<\/div>\n\t\t\t\t\t<\/div>\n\t\t<\/div>\n\t\t\t\t\t<\/div>\n\t\t<\/section>\n\t\t\t\t<\/div>\n\t\t","protected":false},"excerpt":{"rendered":"<p>La soci\u00e9t\u00e9 Notre histoire 40 ans d\u2019histoire marqu\u00e9s par le d\u00e9sir de pr\u00e9server et de promouvoir la meilleure qualit\u00e9 du Made in Italy. Le temps, l\u2019exp\u00e9rience et l\u2019enthousiasme nous ont permis de progresser, d\u2019innover et de nous tourner vers l\u2019avenir, vers l\u2019\u00e9volution des march\u00e9s et les besoins des clients. Un importanttravail d\u2019\u00e9quipe\u2026 Machines \u00e0 commande [&hellip;]<\/p>\n","protected":false},"author":2,"featured_media":0,"parent":0,"menu_order":0,"comment_status":"closed","ping_status":"closed","template":"elementor_header_footer","meta":{"_acf_changed":false,"inline_featured_image":false,"footnotes":""},"class_list":["post-6273","page","type-page","status-publish","hentry"],"acf":[],"_links":{"self":[{"href":"https:\/\/www.recordcucine.com\/fr\/wp-json\/wp\/v2\/pages\/6273","targetHints":{"allow":["GET"]}}],"collection":[{"href":"https:\/\/www.recordcucine.com\/fr\/wp-json\/wp\/v2\/pages"}],"about":[{"href":"https:\/\/www.recordcucine.com\/fr\/wp-json\/wp\/v2\/types\/page"}],"author":[{"embeddable":true,"href":"https:\/\/www.recordcucine.com\/fr\/wp-json\/wp\/v2\/users\/2"}],"replies":[{"embeddable":true,"href":"https:\/\/www.recordcucine.com\/fr\/wp-json\/wp\/v2\/comments?post=6273"}],"version-history":[{"count":5,"href":"https:\/\/www.recordcucine.com\/fr\/wp-json\/wp\/v2\/pages\/6273\/revisions"}],"predecessor-version":[{"id":6777,"href":"https:\/\/www.recordcucine.com\/fr\/wp-json\/wp\/v2\/pages\/6273\/revisions\/6777"}],"wp:attachment":[{"href":"https:\/\/www.recordcucine.com\/fr\/wp-json\/wp\/v2\/media?parent=6273"}],"curies":[{"name":"wp","href":"https:\/\/api.w.org\/{rel}","templated":true}]}}